{"id":141,"date":"2024-02-29T18:35:30","date_gmt":"2024-02-29T17:35:30","guid":{"rendered":"https:\/\/www.spisecu.fr\/index.php\/about\/"},"modified":"2025-10-22T17:08:55","modified_gmt":"2025-10-22T15:08:55","slug":"a-propos","status":"publish","type":"page","link":"https:\/\/www.spisecu.fr\/index.php\/a-propos\/","title":{"rendered":"A Propos"},"content":{"rendered":"\t\t<div data-elementor-type=\"wp-page\" data-elementor-id=\"141\" class=\"elementor elementor-141\" data-elementor-post-type=\"page\">\n\t\t\t\t<div class=\"elementor-element elementor-element-76bf9fd1 e-con-full e-flex elementor-invisible e-con e-parent\" data-id=\"76bf9fd1\" data-element_type=\"container\" data-e-type=\"container\" data-settings=\"{&quot;animation&quot;:&quot;zoomIn&quot;}\">\n\t\t<div class=\"elementor-element elementor-element-4a70b25 e-con-full e-flex e-con e-child\" data-id=\"4a70b25\" data-element_type=\"container\" data-e-type=\"container\" data-settings=\"{&quot;background_background&quot;:&quot;classic&quot;}\">\n\t\t\t\t<\/div>\n\t\t<div class=\"elementor-element elementor-element-4c6e1e33 e-con-full e-flex e-con e-child\" data-id=\"4c6e1e33\" data-element_type=\"container\" data-e-type=\"container\">\n\t\t\t\t<div class=\"elementor-element elementor-element-3c48b2cf elementor-widget elementor-widget-heading\" data-id=\"3c48b2cf\" data-element_type=\"widget\" data-e-type=\"widget\" data-widget_type=\"heading.default\">\n\t\t\t\t<div class=\"elementor-widget-container\">\n\t\t\t\t\t<h2 class=\"elementor-heading-title elementor-size-default\">Notre Histoire<\/h2>\t\t\t\t<\/div>\n\t\t\t\t<\/div>\n\t\t\t\t<div class=\"elementor-element elementor-element-756b36a3 elementor-widget elementor-widget-text-editor\" data-id=\"756b36a3\" data-element_type=\"widget\" data-e-type=\"widget\" data-widget_type=\"text-editor.default\">\n\t\t\t\t<div class=\"elementor-widget-container\">\n\t\t\t\t\t\t\t\t\t<p>La soci\u00e9t\u00e9 S.P.I S\u00e9curit\u00e9 \u00e0 \u00e9t\u00e9 cr\u00e9\u00e9e au 1 juin 1997 \u00e0 Mont\u00e9limar, par Mr ROSELLO Lucien.<\/p><p>Reprise par Mme MICHELON Alexandra en Mars 2023 en reprenant le personnel et les valeurs qui ont fait la r\u00e9ussite de l&rsquo;entreprise sp\u00e9cialis\u00e9e dans la surveillance et le gardiennage, la protection des personnes et des biens.<\/p><p>Depuis 2023 Alexandra continue de d\u00e9velopper S P I et compte aujourd&rsquo;hui 7 agents \u00e0 l&rsquo;effectif.<\/p>\t\t\t\t\t\t\t\t<\/div>\n\t\t\t\t<\/div>\n\t\t\t\t<\/div>\n\t\t\t\t<\/div>\n\t\t<div class=\"elementor-element elementor-element-23bfdf8d e-con-full e-flex elementor-invisible e-con e-parent\" data-id=\"23bfdf8d\" data-element_type=\"container\" data-e-type=\"container\" data-settings=\"{&quot;animation&quot;:&quot;zoomIn&quot;}\">\n\t\t<div class=\"elementor-element elementor-element-b3febfc e-con-full e-flex e-con e-child\" data-id=\"b3febfc\" data-element_type=\"container\" data-e-type=\"container\">\n\t\t\t\t<div class=\"elementor-element elementor-element-2081fa83 elementor-widget elementor-widget-heading\" data-id=\"2081fa83\" data-element_type=\"widget\" data-e-type=\"widget\" data-widget_type=\"heading.default\">\n\t\t\t\t<div class=\"elementor-widget-container\">\n\t\t\t\t\t<h1 class=\"elementor-heading-title elementor-size-default\">Portrait du dirigeant<\/h1>\t\t\t\t<\/div>\n\t\t\t\t<\/div>\n\t\t\t\t<div class=\"elementor-element elementor-element-1420eb3 elementor-widget elementor-widget-text-editor\" data-id=\"1420eb3\" data-element_type=\"widget\" data-e-type=\"widget\" data-widget_type=\"text-editor.default\">\n\t\t\t\t<div class=\"elementor-widget-container\">\n\t\t\t\t\t\t\t\t\t<p>Au d\u00e9part \u00e0 la retraite de Mr ROSELLO, Alexandra a d\u00e9cider de reprendre les reines de l&rsquo;entreprise accompagn\u00e9e de son conjoint Aur\u00e9lien.<\/p><p>Dans une volont\u00e9 d&rsquo;apporter un services de qualit\u00e9, Alexandra a obtenu un Master en gestion d&rsquo;entreprise de s\u00e9curit\u00e9 priv\u00e9e.\u00a0<\/p>\t\t\t\t\t\t\t\t<\/div>\n\t\t\t\t<\/div>\n\t\t\t\t<\/div>\n\t\t<div class=\"elementor-element elementor-element-79635b6b e-con-full e-flex e-con e-child\" data-id=\"79635b6b\" data-element_type=\"container\" data-e-type=\"container\" data-settings=\"{&quot;background_background&quot;:&quot;classic&quot;}\">\n\t\t\t\t<\/div>\n\t\t\t\t<\/div>\n\t\t<div class=\"elementor-element elementor-element-ca76b3d e-con-full e-flex elementor-invisible e-con e-parent\" data-id=\"ca76b3d\" data-element_type=\"container\" data-e-type=\"container\" data-settings=\"{&quot;animation&quot;:&quot;zoomIn&quot;}\">\n\t\t<div class=\"elementor-element elementor-element-01aceee e-con-full e-flex e-con e-child\" data-id=\"01aceee\" data-element_type=\"container\" data-e-type=\"container\" data-settings=\"{&quot;background_background&quot;:&quot;classic&quot;}\">\n\t\t\t\t<\/div>\n\t\t<div class=\"elementor-element elementor-element-d16c643 e-con-full e-flex e-con e-child\" data-id=\"d16c643\" data-element_type=\"container\" data-e-type=\"container\">\n\t\t\t\t<div class=\"elementor-element elementor-element-32dc2bc elementor-widget elementor-widget-heading\" data-id=\"32dc2bc\" data-element_type=\"widget\" data-e-type=\"widget\" data-widget_type=\"heading.default\">\n\t\t\t\t<div class=\"elementor-widget-container\">\n\t\t\t\t\t<h2 class=\"elementor-heading-title elementor-size-default\">Notre vision de la s\u00e9curit\u00e9<\/h2>\t\t\t\t<\/div>\n\t\t\t\t<\/div>\n\t\t\t\t<div class=\"elementor-element elementor-element-218a278 elementor-widget elementor-widget-text-editor\" data-id=\"218a278\" data-element_type=\"widget\" data-e-type=\"widget\" data-widget_type=\"text-editor.default\">\n\t\t\t\t<div class=\"elementor-widget-container\">\n\t\t\t\t\t\t\t\t\t<p>SPI est avant tout une entreprise \u00e0 taille humaine et \u00e0 caract\u00e8re familiale.<\/p>\n<p>Nous mettons tout en \u0153uvre pour apporter \u00e0 notre client\u00e8le des services de qualit\u00e9 et des offres sur mesure.<\/p>\n<p>Nos maitres mots:&nbsp;<\/p>\n<p><b>PROXIMITE<\/b>, <b>REACTIVITE <\/b>ET <b>ADAPTABILITE<\/b><\/p>\t\t\t\t\t\t\t\t<\/div>\n\t\t\t\t<\/div>\n\t\t\t\t<\/div>\n\t\t\t\t<\/div>\n\t\t<div class=\"elementor-element elementor-element-6e9d947b e-flex e-con-boxed e-con e-parent\" data-id=\"6e9d947b\" data-element_type=\"container\" data-e-type=\"container\">\n\t\t\t\t\t<div class=\"e-con-inner\">\n\t\t\t\t<div class=\"elementor-element elementor-element-3b3c28bf elementor-widget elementor-widget-heading\" data-id=\"3b3c28bf\" data-element_type=\"widget\" data-e-type=\"widget\" data-widget_type=\"heading.default\">\n\t\t\t\t<div class=\"elementor-widget-container\">\n\t\t\t\t\t<h2 class=\"elementor-heading-title elementor-size-default\">L'\u00e9quipe<\/h2>\t\t\t\t<\/div>\n\t\t\t\t<\/div>\n\t\t<div class=\"elementor-element elementor-element-1103bdf9 e-con-full e-flex e-con e-child\" data-id=\"1103bdf9\" data-element_type=\"container\" data-e-type=\"container\">\n\t\t\t\t<div class=\"elementor-element elementor-element-658423ea elementor-widget__width-initial elementor-widget-mobile__width-inherit elementor-position-top elementor-widget elementor-widget-image-box\" data-id=\"658423ea\" data-element_type=\"widget\" data-e-type=\"widget\" data-widget_type=\"image-box.default\">\n\t\t\t\t<div class=\"elementor-widget-container\">\n\t\t\t\t\t<div class=\"elementor-image-box-wrapper\"><figure class=\"elementor-image-box-img\"><img fetchpriority=\"high\" decoding=\"async\" width=\"525\" height=\"700\" src=\"https:\/\/www.spisecu.fr\/wp-content\/uploads\/2024\/04\/20240404_094906-e1712219247963.webp\" class=\"elementor-animation-grow attachment-full size-full wp-image-722\" alt=\"Aur\u00e9lien Bourmont\" \/><\/figure><div class=\"elementor-image-box-content\"><h4 class=\"elementor-image-box-title\">Aur\u00e9lien Bourmont<\/h4><p class=\"elementor-image-box-description\">Agent de s\u00e9curit\u00e9<br>\nResponsable du personnel  <\/p><\/div><\/div>\t\t\t\t<\/div>\n\t\t\t\t<\/div>\n\t\t\t\t<div class=\"elementor-element elementor-element-38035967 elementor-widget__width-initial elementor-widget-mobile__width-inherit elementor-position-top elementor-widget elementor-widget-image-box\" data-id=\"38035967\" data-element_type=\"widget\" data-e-type=\"widget\" data-widget_type=\"image-box.default\">\n\t\t\t\t<div class=\"elementor-widget-container\">\n\t\t\t\t\t<div class=\"elementor-image-box-wrapper\"><figure class=\"elementor-image-box-img\"><img decoding=\"async\" width=\"700\" height=\"700\" src=\"https:\/\/www.spisecu.fr\/wp-content\/uploads\/2024\/04\/20240404_095038-scaled-e1712219322849.webp\" class=\"elementor-animation-grow attachment-full size-full wp-image-723\" alt=\"Jean-Fran\u00e7ois Agent de s\u00e9curit\u00e9\" \/><\/figure><div class=\"elementor-image-box-content\"><h4 class=\"elementor-image-box-title\">Jean-Fran\u00e7ois<\/h4><p class=\"elementor-image-box-description\">Agent de s\u00e9curit\u00e9<\/p><\/div><\/div>\t\t\t\t<\/div>\n\t\t\t\t<\/div>\n\t\t\t\t<div class=\"elementor-element elementor-element-73dd856 elementor-widget__width-initial elementor-widget-mobile__width-inherit elementor-position-top elementor-widget elementor-widget-image-box\" data-id=\"73dd856\" data-element_type=\"widget\" data-e-type=\"widget\" data-widget_type=\"image-box.default\">\n\t\t\t\t<div class=\"elementor-widget-container\">\n\t\t\t\t\t<div class=\"elementor-image-box-wrapper\"><figure class=\"elementor-image-box-img\"><img decoding=\"async\" width=\"615\" height=\"1024\" src=\"https:\/\/www.spisecu.fr\/wp-content\/uploads\/2025\/09\/20887610567887745561-615x1024.webp\" class=\"elementor-animation-grow attachment-large size-large wp-image-1013\" alt=\"\" srcset=\"https:\/\/www.spisecu.fr\/wp-content\/uploads\/2025\/09\/20887610567887745561-615x1024.webp 615w, https:\/\/www.spisecu.fr\/wp-content\/uploads\/2025\/09\/20887610567887745561-180x300.webp 180w, https:\/\/www.spisecu.fr\/wp-content\/uploads\/2025\/09\/20887610567887745561-768x1278.webp 768w, https:\/\/www.spisecu.fr\/wp-content\/uploads\/2025\/09\/20887610567887745561-923x1536.webp 923w, https:\/\/www.spisecu.fr\/wp-content\/uploads\/2025\/09\/20887610567887745561.webp 961w\" sizes=\"(max-width: 615px) 100vw, 615px\" \/><\/figure><div class=\"elementor-image-box-content\"><h4 class=\"elementor-image-box-title\">Alexandra<\/h4><p class=\"elementor-image-box-description\">Agent de s\u00e9curit\u00e9 Incendie SSIAP<\/p><\/div><\/div>\t\t\t\t<\/div>\n\t\t\t\t<\/div>\n\t\t\t\t<\/div>\n\t\t\t\t\t<\/div>\n\t\t\t\t<\/div>\n\t\t\t\t<\/div>\n\t\t","protected":false},"excerpt":{"rendered":"<p>Notre Histoire La soci\u00e9t\u00e9 S.P.I S\u00e9curit\u00e9 \u00e0 \u00e9t\u00e9 cr\u00e9\u00e9e au 1 juin 1997 \u00e0 Mont\u00e9limar, par Mr ROSELLO Lucien. Reprise par Mme MICHELON Alexandra en Mars 2023 en reprenant le personnel et les valeurs qui ont fait la r\u00e9ussite de l&rsquo;entreprise sp\u00e9cialis\u00e9e dans la surveillance et le gardiennage, la protection des personnes et des biens. [&hellip;]<\/p>\n","protected":false},"author":1,"featured_media":0,"parent":0,"menu_order":0,"comment_status":"closed","ping_status":"closed","template":"elementor_header_footer","meta":{"footnotes":""},"class_list":["post-141","page","type-page","status-publish","hentry"],"yoast_head":"<!-- This site is optimized with the Yoast SEO Premium plugin v27.2 (Yoast SEO v27.4) - https:\/\/yoast.com\/product\/yoast-seo-premium-wordpress\/ -->\n<title>A Propos - SPI S\u00e9curit\u00e9<\/title>\n<meta name=\"description\" content=\"Services de s\u00e9curit\u00e9 et de protection des biens et des personnes : S\u00fbret\u00e9 de vos commerces, \u00e9v\u00e9nements priv\u00e9s, publics et sites industriels.\" \/>\n<meta name=\"robots\" content=\"index, follow, max-snippet:-1, max-image-preview:large, max-video-preview:-1\" \/>\n<link rel=\"canonical\" href=\"https:\/\/www.spisecu.fr\/index.php\/a-propos\/\" \/>\n<meta property=\"og:locale\" content=\"fr_FR\" \/>\n<meta property=\"og:type\" content=\"article\" \/>\n<meta property=\"og:title\" content=\"A Propos\" \/>\n<meta property=\"og:description\" content=\"Services de s\u00e9curit\u00e9 et de protection des biens et des personnes : S\u00fbret\u00e9 de vos commerces, \u00e9v\u00e9nements priv\u00e9s, publics et sites industriels.\" \/>\n<meta property=\"og:url\" content=\"https:\/\/www.spisecu.fr\/index.php\/a-propos\/\" \/>\n<meta property=\"og:site_name\" content=\"SPI S\u00e9curit\u00e9\" \/>\n<meta property=\"article:publisher\" content=\"https:\/\/www.facebook.com\/profile.php?id=100089748819542\" \/>\n<meta property=\"article:modified_time\" content=\"2025-10-22T15:08:55+00:00\" \/>\n<meta property=\"og:image\" content=\"https:\/\/www.spisecu.fr\/wp-content\/uploads\/2024\/04\/20240404_094906-e1712219247963.webp\" \/>\n\t<meta property=\"og:image:width\" content=\"525\" \/>\n\t<meta property=\"og:image:height\" content=\"700\" \/>\n\t<meta property=\"og:image:type\" content=\"image\/webp\" \/>\n<meta name=\"twitter:card\" content=\"summary_large_image\" \/>\n<meta name=\"twitter:label1\" content=\"Dur\u00e9e de lecture estim\u00e9e\" \/>\n\t<meta name=\"twitter:data1\" content=\"2 minutes\" \/>\n<script type=\"application\/ld+json\" class=\"yoast-schema-graph\">{\"@context\":\"https:\\\/\\\/schema.org\",\"@graph\":[{\"@type\":\"WebPage\",\"@id\":\"https:\\\/\\\/www.spisecu.fr\\\/index.php\\\/a-propos\\\/\",\"url\":\"https:\\\/\\\/www.spisecu.fr\\\/index.php\\\/a-propos\\\/\",\"name\":\"A Propos - SPI S\u00e9curit\u00e9\",\"isPartOf\":{\"@id\":\"https:\\\/\\\/www.spisecu.fr\\\/#website\"},\"primaryImageOfPage\":{\"@id\":\"https:\\\/\\\/www.spisecu.fr\\\/index.php\\\/a-propos\\\/#primaryimage\"},\"image\":{\"@id\":\"https:\\\/\\\/www.spisecu.fr\\\/index.php\\\/a-propos\\\/#primaryimage\"},\"thumbnailUrl\":\"https:\\\/\\\/www.spisecu.fr\\\/wp-content\\\/uploads\\\/2024\\\/04\\\/20240404_094906-e1712219247963.webp\",\"datePublished\":\"2024-02-29T17:35:30+00:00\",\"dateModified\":\"2025-10-22T15:08:55+00:00\",\"description\":\"Services de s\u00e9curit\u00e9 et de protection des biens et des personnes : S\u00fbret\u00e9 de vos commerces, \u00e9v\u00e9nements priv\u00e9s, publics et sites industriels.\",\"breadcrumb\":{\"@id\":\"https:\\\/\\\/www.spisecu.fr\\\/index.php\\\/a-propos\\\/#breadcrumb\"},\"inLanguage\":\"fr-FR\",\"potentialAction\":[{\"@type\":\"ReadAction\",\"target\":[\"https:\\\/\\\/www.spisecu.fr\\\/index.php\\\/a-propos\\\/\"]}]},{\"@type\":\"ImageObject\",\"inLanguage\":\"fr-FR\",\"@id\":\"https:\\\/\\\/www.spisecu.fr\\\/index.php\\\/a-propos\\\/#primaryimage\",\"url\":\"https:\\\/\\\/www.spisecu.fr\\\/wp-content\\\/uploads\\\/2024\\\/04\\\/20240404_094906-e1712219247963.webp\",\"contentUrl\":\"https:\\\/\\\/www.spisecu.fr\\\/wp-content\\\/uploads\\\/2024\\\/04\\\/20240404_094906-e1712219247963.webp\",\"width\":525,\"height\":700,\"caption\":\"Aur\u00e9lien Bourmont Agent de s\u00e9curit\u00e9\"},{\"@type\":\"BreadcrumbList\",\"@id\":\"https:\\\/\\\/www.spisecu.fr\\\/index.php\\\/a-propos\\\/#breadcrumb\",\"itemListElement\":[{\"@type\":\"ListItem\",\"position\":1,\"name\":\"Accueil\",\"item\":\"https:\\\/\\\/www.spisecu.fr\\\/\"},{\"@type\":\"ListItem\",\"position\":2,\"name\":\"A Propos\"}]},{\"@type\":\"WebSite\",\"@id\":\"https:\\\/\\\/www.spisecu.fr\\\/#website\",\"url\":\"https:\\\/\\\/www.spisecu.fr\\\/\",\"name\":\"SPI S\u00e9curit\u00e9\",\"description\":\"Services de s\u00e9curit\u00e9 et de protection des biens et des personnes\",\"publisher\":{\"@id\":\"https:\\\/\\\/www.spisecu.fr\\\/#organization\"},\"alternateName\":\"SPI\",\"potentialAction\":[{\"@type\":\"SearchAction\",\"target\":{\"@type\":\"EntryPoint\",\"urlTemplate\":\"https:\\\/\\\/www.spisecu.fr\\\/?s={search_term_string}\"},\"query-input\":{\"@type\":\"PropertyValueSpecification\",\"valueRequired\":true,\"valueName\":\"search_term_string\"}}],\"inLanguage\":\"fr-FR\"},{\"@type\":[\"Organization\",\"Place\",\"ProfessionalService\"],\"@id\":\"https:\\\/\\\/www.spisecu.fr\\\/#organization\",\"name\":\"SPI S\u00e9curit\u00e9\",\"alternateName\":\"SPI\",\"url\":\"https:\\\/\\\/www.spisecu.fr\\\/\",\"logo\":{\"@id\":\"https:\\\/\\\/www.spisecu.fr\\\/index.php\\\/a-propos\\\/#local-main-organization-logo\"},\"image\":{\"@id\":\"https:\\\/\\\/www.spisecu.fr\\\/index.php\\\/a-propos\\\/#local-main-organization-logo\"},\"sameAs\":[\"https:\\\/\\\/www.facebook.com\\\/profile.php?id=100089748819542\"],\"description\":\"Services de s\u00e9curit\u00e9 et de protection des biens et des personnes\",\"legalName\":\"SPI S\u00e9curit\u00e9\",\"foundingDate\":\"2023-03-25\",\"numberOfEmployees\":{\"@type\":\"QuantitativeValue\",\"minValue\":\"1\",\"maxValue\":\"10\"},\"address\":{\"@id\":\"https:\\\/\\\/www.spisecu.fr\\\/index.php\\\/a-propos\\\/#local-main-place-address\"},\"telephone\":[],\"contactPoint\":{\"@type\":\"ContactPoint\",\"telephone\":\"0643745455\",\"email\":\"alexandra@spisecu.fr\"},\"openingHoursSpecification\":{\"@type\":\"OpeningHoursSpecification\",\"dayOfWeek\":[\"Monday\",\"Tuesday\",\"Wednesday\",\"Thursday\",\"Friday\",\"Saturday\",\"Sunday\"],\"opens\":\"00:00\",\"closes\":\"23:59\"},\"email\":\"alexandra@spisecu.fr\",\"vatID\":\"FR85982869273\",\"taxID\":\"95106837800011\",\"currenciesAccepted\":\"Euro\"},{\"@type\":\"PostalAddress\",\"@id\":\"https:\\\/\\\/www.spisecu.fr\\\/index.php\\\/a-propos\\\/#local-main-place-address\",\"streetAddress\":\"07350\",\"addressLocality\":\"Cruas\",\"postalCode\":\"07350\",\"addressCountry\":\"FR\"},{\"@type\":\"ImageObject\",\"inLanguage\":\"fr-FR\",\"@id\":\"https:\\\/\\\/www.spisecu.fr\\\/index.php\\\/a-propos\\\/#local-main-organization-logo\",\"url\":\"https:\\\/\\\/www.spisecu.fr\\\/wp-content\\\/uploads\\\/2024\\\/03\\\/Logo-Final-SPI.webp\",\"contentUrl\":\"https:\\\/\\\/www.spisecu.fr\\\/wp-content\\\/uploads\\\/2024\\\/03\\\/Logo-Final-SPI.webp\",\"width\":500,\"height\":500,\"caption\":\"SPI S\u00e9curit\u00e9\"}]}<\/script>\n<meta name=\"geo.placename\" content=\"Cruas\" \/>\n<meta name=\"geo.region\" content=\"France\" \/>\n<!-- \/ Yoast SEO Premium plugin. -->","yoast_head_json":{"title":"A Propos - SPI S\u00e9curit\u00e9","description":"Services de s\u00e9curit\u00e9 et de protection des biens et des personnes : S\u00fbret\u00e9 de vos commerces, \u00e9v\u00e9nements priv\u00e9s, publics et sites industriels.","robots":{"index":"index","follow":"follow","max-snippet":"max-snippet:-1","max-image-preview":"max-image-preview:large","max-video-preview":"max-video-preview:-1"},"canonical":"https:\/\/www.spisecu.fr\/index.php\/a-propos\/","og_locale":"fr_FR","og_type":"article","og_title":"A Propos","og_description":"Services de s\u00e9curit\u00e9 et de protection des biens et des personnes : S\u00fbret\u00e9 de vos commerces, \u00e9v\u00e9nements priv\u00e9s, publics et sites industriels.","og_url":"https:\/\/www.spisecu.fr\/index.php\/a-propos\/","og_site_name":"SPI S\u00e9curit\u00e9","article_publisher":"https:\/\/www.facebook.com\/profile.php?id=100089748819542","article_modified_time":"2025-10-22T15:08:55+00:00","og_image":[{"width":525,"height":700,"url":"https:\/\/www.spisecu.fr\/wp-content\/uploads\/2024\/04\/20240404_094906-e1712219247963.webp","type":"image\/webp"}],"twitter_card":"summary_large_image","twitter_misc":{"Dur\u00e9e de lecture estim\u00e9e":"2 minutes"},"schema":{"@context":"https:\/\/schema.org","@graph":[{"@type":"WebPage","@id":"https:\/\/www.spisecu.fr\/index.php\/a-propos\/","url":"https:\/\/www.spisecu.fr\/index.php\/a-propos\/","name":"A Propos - SPI S\u00e9curit\u00e9","isPartOf":{"@id":"https:\/\/www.spisecu.fr\/#website"},"primaryImageOfPage":{"@id":"https:\/\/www.spisecu.fr\/index.php\/a-propos\/#primaryimage"},"image":{"@id":"https:\/\/www.spisecu.fr\/index.php\/a-propos\/#primaryimage"},"thumbnailUrl":"https:\/\/www.spisecu.fr\/wp-content\/uploads\/2024\/04\/20240404_094906-e1712219247963.webp","datePublished":"2024-02-29T17:35:30+00:00","dateModified":"2025-10-22T15:08:55+00:00","description":"Services de s\u00e9curit\u00e9 et de protection des biens et des personnes : S\u00fbret\u00e9 de vos commerces, \u00e9v\u00e9nements priv\u00e9s, publics et sites industriels.","breadcrumb":{"@id":"https:\/\/www.spisecu.fr\/index.php\/a-propos\/#breadcrumb"},"inLanguage":"fr-FR","potentialAction":[{"@type":"ReadAction","target":["https:\/\/www.spisecu.fr\/index.php\/a-propos\/"]}]},{"@type":"ImageObject","inLanguage":"fr-FR","@id":"https:\/\/www.spisecu.fr\/index.php\/a-propos\/#primaryimage","url":"https:\/\/www.spisecu.fr\/wp-content\/uploads\/2024\/04\/20240404_094906-e1712219247963.webp","contentUrl":"https:\/\/www.spisecu.fr\/wp-content\/uploads\/2024\/04\/20240404_094906-e1712219247963.webp","width":525,"height":700,"caption":"Aur\u00e9lien Bourmont Agent de s\u00e9curit\u00e9"},{"@type":"BreadcrumbList","@id":"https:\/\/www.spisecu.fr\/index.php\/a-propos\/#breadcrumb","itemListElement":[{"@type":"ListItem","position":1,"name":"Accueil","item":"https:\/\/www.spisecu.fr\/"},{"@type":"ListItem","position":2,"name":"A Propos"}]},{"@type":"WebSite","@id":"https:\/\/www.spisecu.fr\/#website","url":"https:\/\/www.spisecu.fr\/","name":"SPI S\u00e9curit\u00e9","description":"Services de s\u00e9curit\u00e9 et de protection des biens et des personnes","publisher":{"@id":"https:\/\/www.spisecu.fr\/#organization"},"alternateName":"SPI","potentialAction":[{"@type":"SearchAction","target":{"@type":"EntryPoint","urlTemplate":"https:\/\/www.spisecu.fr\/?s={search_term_string}"},"query-input":{"@type":"PropertyValueSpecification","valueRequired":true,"valueName":"search_term_string"}}],"inLanguage":"fr-FR"},{"@type":["Organization","Place","ProfessionalService"],"@id":"https:\/\/www.spisecu.fr\/#organization","name":"SPI S\u00e9curit\u00e9","alternateName":"SPI","url":"https:\/\/www.spisecu.fr\/","logo":{"@id":"https:\/\/www.spisecu.fr\/index.php\/a-propos\/#local-main-organization-logo"},"image":{"@id":"https:\/\/www.spisecu.fr\/index.php\/a-propos\/#local-main-organization-logo"},"sameAs":["https:\/\/www.facebook.com\/profile.php?id=100089748819542"],"description":"Services de s\u00e9curit\u00e9 et de protection des biens et des personnes","legalName":"SPI S\u00e9curit\u00e9","foundingDate":"2023-03-25","numberOfEmployees":{"@type":"QuantitativeValue","minValue":"1","maxValue":"10"},"address":{"@id":"https:\/\/www.spisecu.fr\/index.php\/a-propos\/#local-main-place-address"},"telephone":[],"contactPoint":{"@type":"ContactPoint","telephone":"0643745455","email":"alexandra@spisecu.fr"},"openingHoursSpecification":{"@type":"OpeningHoursSpecification","dayOfWeek":["Monday","Tuesday","Wednesday","Thursday","Friday","Saturday","Sunday"],"opens":"00:00","closes":"23:59"},"email":"alexandra@spisecu.fr","vatID":"FR85982869273","taxID":"95106837800011","currenciesAccepted":"Euro"},{"@type":"PostalAddress","@id":"https:\/\/www.spisecu.fr\/index.php\/a-propos\/#local-main-place-address","streetAddress":"07350","addressLocality":"Cruas","postalCode":"07350","addressCountry":"FR"},{"@type":"ImageObject","inLanguage":"fr-FR","@id":"https:\/\/www.spisecu.fr\/index.php\/a-propos\/#local-main-organization-logo","url":"https:\/\/www.spisecu.fr\/wp-content\/uploads\/2024\/03\/Logo-Final-SPI.webp","contentUrl":"https:\/\/www.spisecu.fr\/wp-content\/uploads\/2024\/03\/Logo-Final-SPI.webp","width":500,"height":500,"caption":"SPI S\u00e9curit\u00e9"}]},"geo.placename":"Cruas","geo.region":"France"},"_links":{"self":[{"href":"https:\/\/www.spisecu.fr\/index.php\/wp-json\/wp\/v2\/pages\/141","targetHints":{"allow":["GET"]}}],"collection":[{"href":"https:\/\/www.spisecu.fr\/index.php\/wp-json\/wp\/v2\/pages"}],"about":[{"href":"https:\/\/www.spisecu.fr\/index.php\/wp-json\/wp\/v2\/types\/page"}],"author":[{"embeddable":true,"href":"https:\/\/www.spisecu.fr\/index.php\/wp-json\/wp\/v2\/users\/1"}],"replies":[{"embeddable":true,"href":"https:\/\/www.spisecu.fr\/index.php\/wp-json\/wp\/v2\/comments?post=141"}],"version-history":[{"count":86,"href":"https:\/\/www.spisecu.fr\/index.php\/wp-json\/wp\/v2\/pages\/141\/revisions"}],"predecessor-version":[{"id":1036,"href":"https:\/\/www.spisecu.fr\/index.php\/wp-json\/wp\/v2\/pages\/141\/revisions\/1036"}],"wp:attachment":[{"href":"https:\/\/www.spisecu.fr\/index.php\/wp-json\/wp\/v2\/media?parent=141"}],"curies":[{"name":"wp","href":"https:\/\/api.w.org\/{rel}","templated":true}]}}